{"id":383,"date":"2024-01-04T18:22:41","date_gmt":"2024-01-04T17:22:41","guid":{"rendered":"http:\/\/ksf.amu.edu.pl\/preteksty\/?page_id=383"},"modified":"2024-01-08T04:50:57","modified_gmt":"2024-01-08T03:50:57","slug":"kontakt","status":"publish","type":"page","link":"http:\/\/ksf.amu.edu.pl\/preteksty\/o-czasopismie\/kontakt\/","title":{"rendered":"KONTAKT"},"content":{"rendered":"\n<div class=\"wp-block-group alignwide is-content-justification-center is-nowrap is-layout-flex wp-container-1\">\n<p class=\"has-text-align-center\"><strong>Adres mailowy redakcji:\u00a0<\/strong><a href=\"mailto:preteksty@amu.edu.pl\">preteksty@amu.edu.pl<\/a><\/p>\n<\/div>\n\n\n\n<h4 class=\"wp-block-heading has-text-align-center\">Czasopismo Preteksty<br>Studenckie Ko\u0142o Filozoficzne UAM<br>Wydzia\u0142 Filozoficzny UAM<br>ul. Szamarzewskiego 89C, <br>60-568 Pozna\u0144<\/h4>\n","protected":false},"excerpt":{"rendered":"<p>Adres mailowy redakcji:\u00a0preteksty@amu.edu.pl Czasopismo PretekstyStudenckie Ko\u0142o Filozoficzne UAMWydzia\u0142 Filozoficzny UAMul. Szamarzewskiego 89C, 60-568 Pozna\u0144<\/p>\n","protected":false},"author":1,"featured_media":0,"parent":30,"menu_order":4,"comment_status":"closed","ping_status":"closed","template":"","meta":[],"_links":{"self":[{"href":"http:\/\/ksf.amu.edu.pl\/preteksty\/wp-json\/wp\/v2\/pages\/383"}],"collection":[{"href":"http:\/\/ksf.amu.edu.pl\/preteksty\/wp-json\/wp\/v2\/pages"}],"about":[{"href":"http:\/\/ksf.amu.edu.pl\/preteksty\/wp-json\/wp\/v2\/types\/page"}],"author":[{"embeddable":true,"href":"http:\/\/ksf.amu.edu.pl\/preteksty\/wp-json\/wp\/v2\/users\/1"}],"replies":[{"embeddable":true,"href":"http:\/\/ksf.amu.edu.pl\/preteksty\/wp-json\/wp\/v2\/comments?post=383"}],"version-history":[{"count":11,"href":"http:\/\/ksf.amu.edu.pl\/preteksty\/wp-json\/wp\/v2\/pages\/383\/revisions"}],"predecessor-version":[{"id":477,"href":"http:\/\/ksf.amu.edu.pl\/preteksty\/wp-json\/wp\/v2\/pages\/383\/revisions\/477"}],"up":[{"embeddable":true,"href":"http:\/\/ksf.amu.edu.pl\/preteksty\/wp-json\/wp\/v2\/pages\/30"}],"wp:attachment":[{"href":"http:\/\/ksf.amu.edu.pl\/preteksty\/wp-json\/wp\/v2\/media?parent=383"}],"curies":[{"name":"wp","href":"https:\/\/api.w.org\/{rel}","templated":true}]}}