{"id":381,"date":"2024-01-04T18:20:45","date_gmt":"2024-01-04T17:20:45","guid":{"rendered":"http:\/\/ksf.amu.edu.pl\/preteksty\/?page_id=381"},"modified":"2024-11-23T09:20:14","modified_gmt":"2024-11-23T08:20:14","slug":"zespol-redakcyjny","status":"publish","type":"page","link":"http:\/\/ksf.amu.edu.pl\/preteksty\/o-czasopismie\/zespol-redakcyjny\/","title":{"rendered":"ZESP\u00d3\u0141 REDAKCYJNY"},"content":{"rendered":"\n<div class=\"wp-block-group is-content-justification-center is-nowrap is-layout-flex wp-container-1\">\n<p><strong>Adres mailowy redakcji: <\/strong><a href=\"mailto:preteksty@amu.edu.pl\">preteksty@amu.edu.pl<\/a><\/p>\n<\/div>\n\n\n\n<div class=\"wp-block-group is-content-justification-center is-nowrap is-layout-flex wp-container-2\">\n<p class=\"has-text-align-center\"><strong>Sk\u0142ad redakcji:<\/strong><\/p>\n<\/div>\n\n\n\n<div class=\"wp-block-group is-content-justification-center is-nowrap is-layout-flex wp-container-3\">\n<p class=\"has-text-align-center\">Micha\u0142 Kordzi\u0144ski, Wydzia\u0142 Filozoficzny UAM<\/p>\n<\/div>\n\n\n\n<div class=\"wp-block-group is-content-justification-center is-nowrap is-layout-flex wp-container-4\">\n<p class=\"has-text-align-center\">Karol Wapniarski, Wydzia\u0142 Filologi Polskiej i Klasycznej UAM<\/p>\n<\/div>\n\n\n\n<div class=\"wp-block-group is-content-justification-center is-nowrap is-layout-flex wp-container-5\">\n<p class=\"has-text-align-center\">Emilia Wojciechowska, Wydzia\u0142 Filozoficzny UAM<\/p>\n<\/div>\n\n\n\n<div class=\"wp-block-group is-content-justification-center is-nowrap is-layout-flex wp-container-6\">\n<p class=\"has-text-align-center\">Weronika Patrzy\u0144ska, Wydzia\u0142 Filozoficzny UAM<\/p>\n<\/div>\n\n\n\n<div class=\"wp-block-group is-content-justification-center is-nowrap is-layout-flex wp-container-7\">\n<p class=\"has-text-align-center\">Grzegorz Kuczy\u0144ski<\/p>\n<\/div>\n\n\n\n<div class=\"wp-block-group is-content-justification-center is-nowrap is-layout-flex wp-container-8\">\n<p class=\"has-text-align-center\">\u017baneta Urbanowicz, Wydzia\u0142 Filozoficzny UAM <\/p>\n<\/div>\n","protected":false},"excerpt":{"rendered":"<p>Adres mailowy redakcji: preteksty@amu.edu.pl Sk\u0142ad redakcji: Micha\u0142 Kordzi\u0144ski, Wydzia\u0142 Filozoficzny UAM Karol Wapniarski, Wydzia\u0142 Filologi Polskiej i Klasycznej UAM Emilia Wojciechowska, Wydzia\u0142 Filozoficzny UAM Weronika Patrzy\u0144ska, Wydzia\u0142 Filozoficzny UAM Grzegorz Kuczy\u0144ski \u017baneta Urbanowicz, Wydzia\u0142 Filozoficzny UAM<\/p>\n","protected":false},"author":1,"featured_media":0,"parent":30,"menu_order":3,"comment_status":"closed","ping_status":"closed","template":"","meta":[],"_links":{"self":[{"href":"http:\/\/ksf.amu.edu.pl\/preteksty\/wp-json\/wp\/v2\/pages\/381"}],"collection":[{"href":"http:\/\/ksf.amu.edu.pl\/preteksty\/wp-json\/wp\/v2\/pages"}],"about":[{"href":"http:\/\/ksf.amu.edu.pl\/preteksty\/wp-json\/wp\/v2\/types\/page"}],"author":[{"embeddable":true,"href":"http:\/\/ksf.amu.edu.pl\/preteksty\/wp-json\/wp\/v2\/users\/1"}],"replies":[{"embeddable":true,"href":"http:\/\/ksf.amu.edu.pl\/preteksty\/wp-json\/wp\/v2\/comments?post=381"}],"version-history":[{"count":10,"href":"http:\/\/ksf.amu.edu.pl\/preteksty\/wp-json\/wp\/v2\/pages\/381\/revisions"}],"predecessor-version":[{"id":534,"href":"http:\/\/ksf.amu.edu.pl\/preteksty\/wp-json\/wp\/v2\/pages\/381\/revisions\/534"}],"up":[{"embeddable":true,"href":"http:\/\/ksf.amu.edu.pl\/preteksty\/wp-json\/wp\/v2\/pages\/30"}],"wp:attachment":[{"href":"http:\/\/ksf.amu.edu.pl\/preteksty\/wp-json\/wp\/v2\/media?parent=381"}],"curies":[{"name":"wp","href":"https:\/\/api.w.org\/{rel}","templated":true}]}}