{"id":16,"date":"2016-02-24T15:16:30","date_gmt":"2016-02-24T14:16:30","guid":{"rendered":"http:\/\/ksf.home.amu.edu.pl\/preteksty\/?page_id=16"},"modified":"2025-11-06T10:43:53","modified_gmt":"2025-11-06T09:43:53","slug":"zgloszenia","status":"publish","type":"page","link":"http:\/\/ksf.amu.edu.pl\/preteksty\/o-czasopismie\/zgloszenia\/","title":{"rendered":"ZG\u0141OSZENIA"},"content":{"rendered":"\n<div class=\"wp-block-group alignwide is-nowrap is-layout-flex wp-container-1\">\n<p>Zg\u0142osze\u0144 tekst\u00f3w nale\u017cy dokona\u0107 drog\u0105 mailow\u0105 na adres: <a href=\"mailto:preteksty@amu.edu.pl\">preteksty@amu.edu.pl<\/a>.<\/p>\n<\/div>\n\n\n\n<div class=\"wp-block-group alignwide is-nowrap is-layout-flex wp-container-2\">\n<p>Przed wys\u0142aniem zg\u0142oszenia prosimy upewni\u0107 si\u0119, \u017ce tekst mie\u015bci si\u0119 w zakresie tematycznym <em>Pretekst\u00f3w<\/em> oraz spe\u0142nia poni\u017csze wymagania.<\/p>\n<\/div>\n\n\n\n<div class=\"wp-block-group alignwide is-nowrap is-layout-flex wp-container-3\">\n<p>Nie nale\u017cy przesy\u0142a\u0107 tekst\u00f3w, kt\u00f3re by\u0142y ju\u017c publikowane lub zosta\u0142y ju\u017c zg\u0142oszone do publikacji w innym czasopi\u015bmie.<\/p>\n<\/div>\n\n\n\n<div class=\"wp-block-group alignwide is-nowrap is-layout-flex wp-container-4\">\n<p>Zg\u0142oszenie powinno zawiera\u0107 wyra\u017an\u0105 deklaracj\u0119, jaki rodzaj tekstu zawiera. W <em>Pretekstach<\/em> publikowane s\u0105 nast\u0119puj\u0105ce rodzaje tekst\u00f3w: <\/p>\n<\/div>\n\n\n\n<div class=\"wp-block-group alignwide is-nowrap is-layout-flex wp-container-5\">\n<ol>\n<li><strong>Artyku\u0142y naukowe lub teksty przegl\u0105dowe <\/strong>\u2014 ich obj\u0119to\u015b\u0107 nie powinna by\u0107 kr\u00f3tsza ni\u017c 25.000 znak\u00f3w ze spacjami oraz nie powinna przekracza\u0107 40.000 znak\u00f3w ze spacjami i przypisami.<\/li>\n\n\n\n<li><strong>Recenzje oraz komentarze<\/strong> \u2014 powinny dotyczy\u0107 aktualnych publikacji ksi\u0105\u017ckowych mieszcz\u0105cych si\u0119 w zakresie tematycznym czasopisma lub by\u0107 odpowiedzi\u0105 na tekst wcze\u015bniej opublikowany w <em>Pretekstach<\/em>. Teksty nie powinny by\u0107 d\u0142u\u017csze ni\u017c 15.000 znak\u00f3w.<\/li>\n\n\n\n<li><strong>Sprawozdania <\/strong>\u2014 powinny zawiera\u0107 opis i ewentualn\u0105 ocen\u0119 wydarze\u0144 naukowych wa\u017cnych dla cel\u00f3w i zakresu czasopisma, takich jak kongresy naukowe, zjazdy i inne rodzaje konferencji, seminaria i sympozja. Ich obj\u0119to\u015b\u0107 nie powinna przekracza\u0107 10.000 znak\u00f3w.<\/li>\n\n\n\n<li><strong>T\u0142umaczenia<\/strong>.<\/li>\n<\/ol>\n<\/div>\n\n\n\n<div class=\"wp-block-group alignwide is-nowrap is-layout-flex wp-container-6\">\n<p>W uzasadnionych przypadkach Redakcja mo\u017ce odst\u0105pi\u0107 od wymog\u00f3w dotycz\u0105cych obj\u0119to\u015bci poszczeg\u00f3lnych rodzaj\u00f3w tekst\u00f3w.<\/p>\n<\/div>\n\n\n\n<div class=\"wp-block-group alignwide is-nowrap is-layout-flex wp-container-7\">\n<p>Ka\u017cdy tekst powinien zawiera\u0107&nbsp;tytu\u0142, oznaczenie&nbsp;autora, jego afiliacj\u0119, numer ORCID (je\u017celi osoba autorska go posiada), adres e-mail, abstrakt (do 150 s\u0142\u00f3w) oraz s\u0142owa kluczowe (od trzech do o\u015bmiu). <\/p>\n<\/div>\n\n\n\n<div class=\"wp-block-group alignwide is-nowrap is-layout-flex wp-container-8\">\n<p>Wszystkie nadsy\u0142ane teksty powinny by\u0107 dostosowane do standard\u00f3w redakcyjnych czasopisma, znajduj\u0105cych si\u0119 <strong><a href=\"http:\/\/ksf.amu.edu.pl\/preteksty\/wp-content\/uploads\/2024\/11\/Standardy-redakcyjne.docx\" data-type=\"attachment\">tutaj<\/a><\/strong>.<\/p>\n<\/div>\n\n\n\n<div class=\"wp-block-group alignwide is-nowrap is-layout-flex wp-container-9\">\n<p>Dla&nbsp;potrzeb procesu recenzyjnego teksty s\u0105 anonimizowane,&nbsp;tote\u017c&nbsp;fragmenty&nbsp;mog\u0105ce ujawni\u0107&nbsp; to\u017csamo\u015b\u0107&nbsp;osoby autorskiej&nbsp;(jego&nbsp; poprzednie&nbsp;publikacje, podzi\u0119kowania, dopiski w ramach cytat\u00f3w zawieraj\u0105ce inicja\u0142y autora itp.) powinny by\u0107 zapisane czerwonym fontem.<\/p>\n<\/div>\n\n\n\n<div class=\"wp-block-group alignwide is-nowrap is-layout-flex wp-container-10\">\n<p>Ka\u017cda z os\u00f3b autorskich wraz ze sk\u0142adanym do publikacji tekstem zobowi\u0105zana jest z\u0142o\u017cy\u0107 o\u015bwiadczenie, kt\u00f3re dost\u0119pne jest&nbsp;<strong><a href=\"http:\/\/ksf.amu.edu.pl\/preteksty\/wp-content\/uploads\/2024\/01\/Preteksty-oswiadczenie-autorskie.docx\" data-type=\"attachment\" data-id=\"479\">tutaj<\/a><\/strong>. Podpisanie o\u015bwiadczenia jest warunkiem publikacji.  <\/p>\n<\/div>\n\n\n\n<div class=\"wp-block-group alignwide is-nowrap is-layout-flex wp-container-11\">\n<p>Pliki do pobrania: <\/p>\n<\/div>\n\n\n\n<div class=\"wp-block-group alignwide is-nowrap is-layout-flex wp-container-12\">\n<ul>\n<li><a href=\"http:\/\/ksf.amu.edu.pl\/preteksty\/wp-content\/uploads\/2025\/11\/Standardy-redakcyjne.docx\" data-type=\"attachment\">Standardy redakcyjne<\/a><\/li>\n\n\n\n<li><a href=\"http:\/\/ksf.amu.edu.pl\/preteksty\/wp-content\/uploads\/2024\/01\/Preteksty-oswiadczenie-autorskie.docx\" data-type=\"attachment\" data-id=\"479\">O\u015bwiadczenie autorskie<\/a><\/li>\n\n\n\n<li><a href=\"http:\/\/ksf.amu.edu.pl\/preteksty\/wp-content\/uploads\/2024\/04\/Regulamin-Czasopisma-Preteksty.pdf\" data-type=\"attachment\" data-id=\"496\">Regulamin czasopisma Preteksty<\/a><\/li>\n\n\n\n<li><a href=\"http:\/\/ksf.amu.edu.pl\/preteksty\/wp-content\/uploads\/2024\/01\/Preteksty-formularz_recenzji.docx\" data-type=\"attachment\" data-id=\"478\">Formularz recenzji<\/a><\/li>\n<\/ul>\n<\/div>\n","protected":false},"excerpt":{"rendered":"<p>Zg\u0142osze\u0144 tekst\u00f3w nale\u017cy dokona\u0107 drog\u0105 mailow\u0105 na adres: preteksty@amu.edu.pl. Przed wys\u0142aniem zg\u0142oszenia prosimy upewni\u0107 si\u0119, \u017ce tekst mie\u015bci si\u0119 w zakresie tematycznym Pretekst\u00f3w oraz spe\u0142nia poni\u017csze wymagania. Nie nale\u017cy przesy\u0142a\u0107 tekst\u00f3w, kt\u00f3re by\u0142y ju\u017c publikowane lub zosta\u0142y ju\u017c zg\u0142oszone do publikacji w innym czasopi\u015bmie. Zg\u0142oszenie powinno zawiera\u0107 wyra\u017an\u0105 deklaracj\u0119, jaki rodzaj tekstu zawiera. W Pretekstach [&hellip;]<\/p>\n","protected":false},"author":1,"featured_media":0,"parent":30,"menu_order":0,"comment_status":"closed","ping_status":"closed","template":"","meta":[],"_links":{"self":[{"href":"http:\/\/ksf.amu.edu.pl\/preteksty\/wp-json\/wp\/v2\/pages\/16"}],"collection":[{"href":"http:\/\/ksf.amu.edu.pl\/preteksty\/wp-json\/wp\/v2\/pages"}],"about":[{"href":"http:\/\/ksf.amu.edu.pl\/preteksty\/wp-json\/wp\/v2\/types\/page"}],"author":[{"embeddable":true,"href":"http:\/\/ksf.amu.edu.pl\/preteksty\/wp-json\/wp\/v2\/users\/1"}],"replies":[{"embeddable":true,"href":"http:\/\/ksf.amu.edu.pl\/preteksty\/wp-json\/wp\/v2\/comments?post=16"}],"version-history":[{"count":25,"href":"http:\/\/ksf.amu.edu.pl\/preteksty\/wp-json\/wp\/v2\/pages\/16\/revisions"}],"predecessor-version":[{"id":558,"href":"http:\/\/ksf.amu.edu.pl\/preteksty\/wp-json\/wp\/v2\/pages\/16\/revisions\/558"}],"up":[{"embeddable":true,"href":"http:\/\/ksf.amu.edu.pl\/preteksty\/wp-json\/wp\/v2\/pages\/30"}],"wp:attachment":[{"href":"http:\/\/ksf.amu.edu.pl\/preteksty\/wp-json\/wp\/v2\/media?parent=16"}],"curies":[{"name":"wp","href":"https:\/\/api.w.org\/{rel}","templated":true}]}}