{"id":10,"date":"2016-02-24T15:15:57","date_gmt":"2016-02-24T14:15:57","guid":{"rendered":"http:\/\/ksf.home.amu.edu.pl\/preteksty\/?page_id=10"},"modified":"2024-02-01T15:36:52","modified_gmt":"2024-02-01T14:36:52","slug":"strona-glowna","status":"publish","type":"page","link":"http:\/\/ksf.amu.edu.pl\/preteksty\/","title":{"rendered":"STRONA G\u0141\u00d3WNA"},"content":{"rendered":"\n<div class=\"wp-block-group alignwide is-nowrap is-layout-flex wp-container-1\">\n<p class=\"has-inter-font-family\">Czasopismo <em>Preteksty<\/em> powsta\u0142o w 1999 r. w ramach Studenckiego Ko\u0142a Filozoficznego Uniwersytetu im. Adama Mickiewicza w Poznaniu jako reaktywacja wcze\u015bniej wydawanego \u201eViel\u2013o\u2013Sophie\u201d. Do 2008 r. wydawane by\u0142o w wersji papierowej, obecnie ukazuje si\u0119 jedynie w formie elektronicznej. Jego celem jest stworzenie platformy dla student\u00f3w chc\u0105cych podzieli\u0107 si\u0119 wynikami swoich bada\u0144, pracami dyplomowymi lub te\u017c przemy\u015bleniami. W naszym przekonaniu filozofia stanowi niezb\u0119dny i wzbogacaj\u0105cy element rozwa\u017ca\u0144 naukowych, kt\u00f3re z kolei stanowi\u0105 nieod\u0142\u0105czn\u0105 cz\u0119\u015b\u0107 refleksji filozoficznej. Jeste\u015bmy otwarci na artyku\u0142y, eseje recenzje i t\u0142umaczenia zar\u00f3wno stricte&nbsp;filozoficzne, jak i te \u201efilozofuj\u0105ce\u201d, kt\u00f3rych tematyka jest z filozofi\u0105 zwi\u0105zana. Za publikacj\u0119 w Pretekstach osoby autorskie otrzymuj\u0105 5 punkt\u00f3w.<\/p>\n<\/div>\n\n\n\n<div class=\"wp-block-group alignwide is-nowrap is-layout-flex wp-container-2\">\n<p>Informacje o naborach tekst\u00f3w znajdowa\u0107 si\u0119 b\u0119d\u0105 na naszym profilu na <a href=\"https:\/\/www.facebook.com\/Preteksty\" data-type=\"URL\" data-id=\"https:\/\/www.facebook.com\/Preteksty\">Facebooku<\/a>. Wi\u0119cej informacji na temat redakcji, procedury recenzowania oraz wymog\u00f3w technicznych znajduje si\u0119 podstronach serwisu.<\/p>\n<\/div>\n\n\n\n<div class=\"wp-block-group alignwide is-nowrap is-layout-flex wp-container-3\">\n<p><strong>ISSN:<\/strong> 1642-2929<\/p>\n<\/div>\n\n\n\n<div class=\"wp-block-group alignwide is-nowrap is-layout-flex wp-container-4\">\n<p><strong>e-ISSN:<\/strong> 2956-9621<\/p>\n<\/div>\n\n\n\n<div class=\"wp-block-group alignwide is-nowrap is-layout-flex wp-container-5\">\n<p><strong>LICENCJA:<\/strong> Teksty opublikowane na \u0142amach czasopisma <em>Preteksty<\/em> i udost\u0119pniane w formacie PDF obj\u0119te s\u0105 licencj\u0105 CC BY 4.0 (Creative Commons \u2013 Uznanie autorstwa). Kopiowanie i rozpowszechnianie dozwolone jest pod warunkiem uznania autorstwa.<\/p>\n<\/div>\n","protected":false},"excerpt":{"rendered":"<p>Czasopismo Preteksty powsta\u0142o w 1999 r. w ramach Studenckiego Ko\u0142a Filozoficznego Uniwersytetu im. Adama Mickiewicza w Poznaniu jako reaktywacja wcze\u015bniej wydawanego \u201eViel\u2013o\u2013Sophie\u201d. Do 2008 r. wydawane by\u0142o w wersji papierowej, obecnie ukazuje si\u0119 jedynie w formie elektronicznej. Jego celem jest stworzenie platformy dla student\u00f3w chc\u0105cych podzieli\u0107 si\u0119 wynikami swoich bada\u0144, pracami dyplomowymi lub te\u017c przemy\u015bleniami. [&hellip;]<\/p>\n","protected":false},"author":1,"featured_media":0,"parent":0,"menu_order":0,"comment_status":"closed","ping_status":"closed","template":"","meta":[],"_links":{"self":[{"href":"http:\/\/ksf.amu.edu.pl\/preteksty\/wp-json\/wp\/v2\/pages\/10"}],"collection":[{"href":"http:\/\/ksf.amu.edu.pl\/preteksty\/wp-json\/wp\/v2\/pages"}],"about":[{"href":"http:\/\/ksf.amu.edu.pl\/preteksty\/wp-json\/wp\/v2\/types\/page"}],"author":[{"embeddable":true,"href":"http:\/\/ksf.amu.edu.pl\/preteksty\/wp-json\/wp\/v2\/users\/1"}],"replies":[{"embeddable":true,"href":"http:\/\/ksf.amu.edu.pl\/preteksty\/wp-json\/wp\/v2\/comments?post=10"}],"version-history":[{"count":31,"href":"http:\/\/ksf.amu.edu.pl\/preteksty\/wp-json\/wp\/v2\/pages\/10\/revisions"}],"predecessor-version":[{"id":487,"href":"http:\/\/ksf.amu.edu.pl\/preteksty\/wp-json\/wp\/v2\/pages\/10\/revisions\/487"}],"wp:attachment":[{"href":"http:\/\/ksf.amu.edu.pl\/preteksty\/wp-json\/wp\/v2\/media?parent=10"}],"curies":[{"name":"wp","href":"https:\/\/api.w.org\/{rel}","templated":true}]}}